{"id":2422,"date":"2023-05-25T13:06:40","date_gmt":"2023-05-25T13:06:40","guid":{"rendered":"https:\/\/p-g0biip.project.space\/datenschutz\/"},"modified":"2025-04-30T14:18:34","modified_gmt":"2025-04-30T14:18:34","slug":"privacy-policy","status":"publish","type":"page","link":"https:\/\/interjobs.at\/en\/privacy-policy\/","title":{"rendered":"Privacy Policy"},"content":{"rendered":"\t\t<div data-elementor-type=\"wp-page\" data-elementor-id=\"2422\" class=\"elementor elementor-2422 elementor-2169\" data-elementor-post-type=\"page\">\n\t\t\t\t<div class=\"elementor-element elementor-element-7530c5b e-flex e-con-boxed e-con e-parent\" data-id=\"7530c5b\" data-element_type=\"container\" data-settings=\"{&quot;background_background&quot;:&quot;classic&quot;}\">\n\t\t\t\t\t<div class=\"e-con-inner\">\n\t\t<div class=\"elementor-element elementor-element-e0022a9 e-flex e-con-boxed e-con e-child\" data-id=\"e0022a9\" data-element_type=\"container\">\n\t\t\t\t\t<div class=\"e-con-inner\">\n\t\t\t\t<div class=\"elementor-element elementor-element-11f3e72 elementor-widget elementor-widget-heading\" data-id=\"11f3e72\" data-element_type=\"widget\" data-widget_type=\"heading.default\">\n\t\t\t\t<div class=\"elementor-widget-container\">\n\t\t\t\t\t<h1 class=\"elementor-heading-title elementor-size-default\">Privacy Policy<\/h1>\t\t\t\t<\/div>\n\t\t\t\t<\/div>\n\t\t\t\t\t<\/div>\n\t\t\t\t<\/div>\n\t\t\t\t\t<\/div>\n\t\t\t\t<\/div>\n\t\t<div class=\"elementor-element elementor-element-2794a36 e-flex e-con-boxed e-con e-parent\" data-id=\"2794a36\" data-element_type=\"container\">\n\t\t\t\t\t<div class=\"e-con-inner\">\n\t\t\t\t<div class=\"elementor-element elementor-element-74dab08 elementor-widget elementor-widget-text-editor\" data-id=\"74dab08\" data-element_type=\"widget\" data-widget_type=\"text-editor.default\">\n\t\t\t\t<div class=\"elementor-widget-container\">\n\t\t\t\t\t\t\t\t\t<h1>Datenschutzerkl\u00e4rung<\/h1><p>In dieser Datenschutzerkl\u00e4rung informieren wir Sie \u00fcber die Verarbeitung Ihrer personenbezogenen Daten.<\/p><p>Sofern Sie Ihre Datenschutzeinstellungen \u00e4ndern m\u00f6chten (Einwilligungen erteilen oder bereits erteilte Einwilligungen widerrufen), klicken Sie\u00a0<span class=\"borlabs-cookie-open-dialog-preferences\" data-borlabs-cookie-title=\"hier\">hier<\/span>\u00a0um Ihre Einstellungen zu \u00e4ndern.<\/p><h2>Verantwortlich<\/h2><p>Steiner Interjobs Gmbh &amp; Co KG, Marktplatz 4, 4707 Schl\u00fc\u00dflberg, \u00d6sterreich,\u00a0<a href=\"mailto:office@interjobs.at\">office@interjobs.at<\/a>, +43 7248 66843-0<\/p><h2>Hosting<\/h2><p><strong>Mittwald CM Service GmbH &amp; Co. KG<\/strong><br \/>K\u00f6nigsberger Stra\u00dfe 4-6<br \/>32339 Espelkamp<\/p><p>Telefon:\u00a0<a href=\"tel:+49-5772-293-100\" target=\"_blank\" rel=\"noopener\" data-auto-event-observed=\"true\">+49-5772-293-100<\/a><br \/>Telefax: +49-5772-293-333<\/p><h2>Bewerbungsformular<\/h2><p>Wir bieten Ihnen auf unserer Website die M\u00f6glichkeit, Ihre Bewerbung online einzureichen. Zum Zweck der Bearbeitung Ihrer Bewerbung verarbeiten wir Ihre im Rahmen des Bewerbungsformulars angef\u00fchrten personenbezogenen Daten auf Grundlage eines vorvertraglichen Verh\u00e4ltnisses gem. Art. 6 Abs. 1 lit. b DSGVO bis auf Widerruf bzw. l\u00e4ngstens jedoch f\u00fcr die Dauer von 6 Monaten nach Abschluss des Bewerbungsverfahrens.<\/p><p>Sollten Sie eine Evidenzhaltung Ihrer \u00fcbermittelten Unterlagen ausdr\u00fccklich w\u00fcnschen, erfolgt die Aufbewahrung Ihrer Unterlagen f\u00fcr die Dauer von maximal 18 Monaten auf der Rechtsgrundlage Ihrer Einwilligung gem. Art. 6 Abs. 1 lit. a DSGVO.<\/p><p>Es besteht keine gesetzliche oder vertragliche Verpflichtung zur Bereitstellung der personenbezogenen Daten. Die Nichtbereitstellung hat lediglich zur Folge, dass wir Ihre Bewerbung nicht bearbeiten k\u00f6nnen.<\/p><p>Eine Weitergabe Ihrer Bewerberdaten an Dritte erfolgt nicht.<\/p><h2>Sicherheitsdienste<\/h2><p>Auf dieser Website nutzen wir zur Vermeidung von nicht menschlichen und automatisierten Eingaben das Angebot von Sicherheitsdienstleistern wie Captcha-Diensten.<\/p><p>Unsere Website verwendet den Dienst \u201eTurnstile Captcha\u201c von Cloudflare, Inc. (101 Townsend St, San Francisco, CA 94107, USA) nutzen. Turnstile Captcha dient dem Schutz unserer Website vor automatisierten Zugriffen, sogenannten Bots, und hilft uns, die Sicherheit unserer Nutzerdaten zu gew\u00e4hrleisten. Dieser Dienst ist technisch notwendig, um die ordnungsgem\u00e4\u00dfe Funktion und den Schutz unserer Website sicherzustellen.<\/p><p>Bei der Nutzung von Turnstile Captcha werden bestimmte Informationen, wie zum Beispiel Ihre IP-Adresse, Browser- und Ger\u00e4teinformationen sowie Informationen \u00fcber Ihre Interaktion mit dem Captcha, an Cloudflare \u00fcbermittelt und dort verarbeitet. Die Verarbeitung dieser Daten ist erforderlich, um den ordnungsgem\u00e4\u00dfen Betrieb und die Sicherheit unserer Website zu gew\u00e4hrleisten. Dabei werden keine Daten in einer Weise erhoben oder verarbeitet , die eine Verkn\u00fcpfung mit individuellen Nutzerprofilen erm\u00f6glichen w\u00fcrde. Die Rechtsgrundlage f\u00fcr die Verarbeitung Ihrer Daten ist Art. 6 Abs. 1 lit. f DSGVO (berechtigtes Interesse an der Sicherheit unserer Website und dem Schutz vor automatisierten Zugriffen) sowie Art. 6 Abs. 1 lit. b DSGVO (technisch notwendige Verarbeitung zur Vertragserf\u00fcllung).<\/p><p>Cloudflare ist zertifizierter Teilnehmer des Privacy-Shield-Abkommens und gew\u00e4hrleistet dadurch das europ\u00e4ische Datenschutzniveau. Weitere Informationen zum Datenschutz bei Cloudflare finden Sie unter: &lt;a href=\u201chttps:\/\/www.cloudflare.com\/de-de\/privacypolicy\/\u201c https:\/\/www.cloudflare.com\/de-de\/privacypolicy\/<\/p><h2>Embeddings<\/h2><h3>YouTube<\/h3><p>Im Fall der Erteilung Ihrer Einwilligung verarbeiten wir mit dem Dienst\u00a0<a href=\"https:\/\/www.youtube.com\/\" target=\"_blank\" rel=\"noopener\">Youtube<\/a>, Google Ireland Limited, Gordon House, Barrow Street, Dublin 4, Irland als gemeinsame Verantwortliche Ihre personenbezogenen Daten zum Zweck der Wiedergabe von Videos auf unserer Website.<\/p><p>Wir erm\u00f6glichen dem Dienst die Erhebung von Verbindungsdaten, die Erhebung von Daten ihres Webbrowsers sowie die Platzierung eines Werbecookies. Durch die Platzierung von Werbecookies ist es Google m\u00f6glich, f\u00fcr jeden Nutzer eine individuelle User-ID zu berechnen. Diese zur eindeutigen Identifizierung geeigneten personenbezogenen Daten werden sodann im Rahmen des von Google betriebenen Werbenetzwerks verarbeitet.<\/p><p>Der Google Konzern \u00fcbermittelt Ihre personenbezogenen Daten in die USA. Die Rechtsgrundlage f\u00fcr die Daten\u00fcbermittlung in die USA ist Ihre Einwilligung gem\u00e4\u00df Art. 49 Abs 1 lit a iVm Art. 6 Abs 1 lit a DSGVO in Verbindung mit \u00a725 TTDSG. Sie wurden bereits vor Erteilung Ihrer Einwilligung informiert, dass die USA \u00fcber kein den Standards der EU entsprechendes Datenschutzniveau verf\u00fcgt. Insbesondere k\u00f6nnen US Geheimdienste auf Ihre Daten zugreifen, ohne dass Sie dar\u00fcber informiert werden und ohne dass Sie dagegen rechtlich vorgehen k\u00f6nnen. Der Europ\u00e4ische Gerichtshof hat aus diesem Grund in einem Urteil den fr\u00fcheren Angemessenheitsbeschluss (Privacy Shield) f\u00fcr ung\u00fcltig erkl\u00e4rt.<\/p><p>Soweit durch Google eine weitergehende eigenst\u00e4ndige Verarbeitung der Daten insbesondere im Rahmen des Werbenetzwerkes von Google erfolgt, ist Google daf\u00fcr alleinige Verantwortliche. Details finden Sie in der\u00a0<a href=\"https:\/\/policies.google.com\/privacy?gl=AT&amp;hl=de#intro\" target=\"_blank\" rel=\"noopener\">Datenschutzerkl\u00e4rung<\/a>\u00a0von Google.<\/p><p>Die Nichterteilung der Einwilligung hat lediglich zur Folge, dass Ihnen der Dienst Youtube nicht zur Verf\u00fcgung gestellt wird. Eine bereits erteilte Einwilligung k\u00f6nnen Sie widerrufen, indem Sie die\u00a0<span class=\"borlabs-cookie-open-dialog-preferences\" data-borlabs-cookie-title=\"Datenschutzeinstellungen\">Datenschutzeinstellungen<\/span>\u00a0\u00e4ndern.<\/p><p>Die Rechtsgrundlage f\u00fcr die Datenverarbeitung ist Ihre Einwilligung gem\u00e4\u00df Art. 6 Abs 1 lit. a DSGVO.<\/p><h3>Google Maps<\/h3><p>Im Fall der Erteilung Ihrer Einwilligung verarbeiten wir mit dem Dienst\u00a0<a href=\"https:\/\/www.google.at\/maps\" target=\"_blank\" rel=\"noopener\">Google Maps<\/a>, Google LLC, Amphitheatre Parkway, Mountain View, CA 94043, USA, als gemeinsame Verantwortliche Ihre personenbezogenen Daten zum Zweck der Anzeige interaktiver Karten auf unserer Website.<\/p><p>Wir erm\u00f6glichen dem Dienst die Erhebung von Verbindungsdaten, die Erhebung von Daten ihres Webbrowsers sowie die Platzierung eines Werbecookies. Durch die Platzierung von Werbecookies ist es Google m\u00f6glich, f\u00fcr jeden Nutzer eine individuelle User-ID zu berechnen. Diese zur eindeutigen Identifizierung geeigneten personenbezogenen Daten werden sodann im Rahmen des von Google betriebenen Werbenetzwerks verarbeitet.<\/p><p>Soweit durch Google eine weitergehende eigenst\u00e4ndige Verarbeitung der Daten insbesondere im Rahmen des Werbenetzwerkes von Google erfolgt, ist Google daf\u00fcr alleinige Verantwortliche. Details finden Sie in der\u00a0<a href=\"https:\/\/policies.google.com\/privacy?gl=AT&amp;hl=de#intro\" target=\"_blank\" rel=\"noopener\">Datenschutzerkl\u00e4rung<\/a>\u00a0von Google.<\/p><p>Die Nichterteilung der Einwilligung hat lediglich zur Folge, dass Ihnen der Dienst Google Maps nicht zur Verf\u00fcgung gestellt wird. Eine bereits erteilte Einwilligung k\u00f6nnen Sie widerrufen, indem Sie die\u00a0<span class=\"borlabs-cookie-open-dialog-preferences\" data-borlabs-cookie-title=\"Datenschutzeinstellungen\">Datenschutzeinstellungen<\/span>\u00a0\u00e4ndern.<\/p><p>Die Rechtsgrundlage f\u00fcr die Datenverarbeitung ist Ihre Einwilligung gem\u00e4\u00df Art. 6 Abs 1 lit. a DSGVO.<\/p><p>Der Google Konzern \u00fcbermittelt Ihre personenbezogenen Daten in die USA. Die Rechtsgrundlage f\u00fcr die Daten\u00fcbermittlung in die USA ist Ihre Einwilligung gem\u00e4\u00df Art. 49 Abs 1 lit a iVm Art. 6 Abs 1 lit a DSGVO in Verbindung mit \u00a725 TTDSG. Sie wurden bereits vor Erteilung Ihrer Einwilligung informiert, dass die USA \u00fcber kein den Standards der EU entsprechendes Datenschutzniveau verf\u00fcgt. Insbesondere k\u00f6nnen US Geheimdienste auf Ihre Daten zugreifen, ohne dass Sie dar\u00fcber informiert werden und ohne dass Sie dagegen rechtlich vorgehen k\u00f6nnen. Der Europ\u00e4ische Gerichtshof hat aus diesem Grund in einem Urteil den fr\u00fcheren Angemessenheitsbeschluss (Privacy Shield) f\u00fcr ung\u00fcltig erkl\u00e4rt.<\/p><h3>Instagram<\/h3><p>Im Fall der Erteilung Ihrer Einwilligung verarbeiten wir mit dem Dienst\u00a0<a href=\"https:\/\/www.facebook.com\/business\/help\/742478679120153?id=1205376682832142\" target=\"_blank\" rel=\"noopener\">Instagram<\/a>, Meta Platforms Ireland Ltd., 4 Grand Canal Square, Grand Canal Harbour, Dublin 2, Irland, als gemeinsame Verantwortliche Ihre personenbezogenen Daten zum Zweck der Bereitstellung von Instagram-Diensten auf unserer Website.<\/p><p>Wir erm\u00f6glichen dem Dienst die Erhebung von Verbindungsdaten, die Erhebung von Daten ihres Webbrowsers sowie die Platzierung von Werbecookies. Durch die Platzierung von Werbecookies ist es Facebook m\u00f6glich, f\u00fcr jeden Nutzer eine individuelle User-ID zu berechnen. Diese zur eindeutigen Identifizierung geeigneten personenbezogenen Daten werden sodann im Rahmen des von Facebook betriebenen Werbenetzwerks verarbeitet.<\/p><p>Der Facebook Konzern \u00fcbermittelt Ihre personenbezogenen Daten in die USA. Die Rechtsgrundlage f\u00fcr die Daten\u00fcbermittlung in die USA ist Ihre Einwilligung gem\u00e4\u00df Art. 49 Abs 1 lit a iVm Art. 6 Abs 1 lit a DSGVO in Verbindung mit \u00a725 TTDSG. Sie wurden bereits vor Erteilung Ihrer Einwilligung informiert, dass die USA \u00fcber kein den Standards der EU entsprechendes Datenschutzniveau verf\u00fcgt. Insbesondere k\u00f6nnen US Geheimdienste auf Ihre Daten zugreifen, ohne dass Sie dar\u00fcber informiert werden und ohne dass Sie dagegen rechtlich vorgehen k\u00f6nnen. Der Europ\u00e4ische Gerichtshof hat aus diesem Grund in einem Urteil den fr\u00fcheren Angemessenheitsbeschluss (Privacy Shield) f\u00fcr ung\u00fcltig erkl\u00e4rt.<\/p><p>Soweit durch Facebook eine weitergehende eigenst\u00e4ndige Verarbeitung der Daten insbesondere im Rahmen des Werbenetzwerkes von Facebook erfolgt, ist Facebook daf\u00fcr alleinige Verantwortliche. Details finden Sie in der\u00a0<a href=\"https:\/\/www.facebook.com\/privacy\/explanation\" target=\"_blank\" rel=\"noopener\">Datenschutzerkl\u00e4rung<\/a>\u00a0von Facebook.<\/p><p>Die Nichterteilung der Einwilligung hat lediglich zur Folge, dass Ihnen die Dienste von Facebook nicht zur Verf\u00fcgung gestellt wird. Eine bereits erteilte Einwilligung k\u00f6nnen Sie widerrufen, indem Sie die\u00a0<span class=\"borlabs-cookie-open-dialog-preferences\" data-borlabs-cookie-title=\"Datenschutzeinstellungen\">Datenschutzeinstellungen<\/span>\u00a0\u00e4ndern.<\/p><p>Die Rechtsgrundlage f\u00fcr die Datenverarbeitung ist Ihre Einwilligung gem\u00e4\u00df Art. 6 Abs 1 lit. a DSGVO.<\/p><h2>Analysedienste<\/h2><h3>Google Analytics<\/h3><p>Im Fall der Erteilung Ihrer Einwilligung verarbeiten wir mit dem Dienst\u00a0<a href=\"https:\/\/analytics.google.com\/\" target=\"_blank\" rel=\"noopener\">Google Analytics<\/a>, Google LLC, Amphitheatre Parkway, Mountain View, CA 94043, USA, als gemeinsame Verantwortliche Ihre personenbezogenen Daten zum Zweck der Fehleranalyse und der statistischen Auswertung unserer Website. Die Nichterteilung der Einwilligung hat auf die Funktion der Website keine unmittelbare Auswirkung, ohne statistische Daten wird uns jedoch die Weiterentwicklung der Website erschwert. Eine bereits erteilte Einwilligung k\u00f6nnen Sie widerrufen, indem Sie die\u00a0<span class=\"borlabs-cookie-open-dialog-preferences\" data-borlabs-cookie-title=\"Datenschutzeinstellungen\">Datenschutzeinstellungen<\/span>\u00a0\u00e4ndern.<\/p><p>Wir erm\u00f6glichen dem Dienst die Erhebung von Verbindungsdaten, Daten ihres Webbrowsers und Daten \u00fcber die aufgerufenen Inhalte sowie die Ausf\u00fchrung von Analysesoftware und die Speicherung von Daten auf ihrem Endger\u00e4t. Der Dienst anonymisiert die erhobenen Daten unmittelbar nach der Erhebung und stellt uns die anonymen Daten in Form von Statistiken zur Auswertung zur Verf\u00fcgung. Wir nutzen diese Statistiken zur Fehlerbehebung und zur Weiterentwicklung unserer Website. Die Daten auf ihrem Endger\u00e4t werden f\u00fcr die Dauer von bis zu zwei Jahren gespeichert.<\/p><p>Die Rechtsgrundlage f\u00fcr die Datenverarbeitung ist Ihre Einwilligung gem\u00e4\u00df Art. 6 Abs 1 lit. a DSGVO. Der Google Konzern \u00fcbermittelt Ihre personenbezogenen Daten in die USA. Die Rechtsgrundlage f\u00fcr die Daten\u00fcbermittlung in die USA ist Ihre Einwilligung gem\u00e4\u00df Art. 49 Abs 1 lit a iVm Art. 6 Abs 1 lit a DSGVO in Verbindung mit \u00a725 TTDSG. Sie wurden bereits vor Erteilung Ihrer Einwilligung informiert, dass die USA \u00fcber kein den Standards der EU entsprechendes Datenschutzniveau verf\u00fcgt. Insbesondere k\u00f6nnen US Geheimdienste auf Ihre Daten zugreifen, ohne dass Sie dar\u00fcber informiert werden und ohne dass Sie dagegen rechtlich vorgehen k\u00f6nnen. Der Europ\u00e4ische Gerichtshof hat aus diesem Grund in einem Urteil den fr\u00fcheren Angemessenheitsbeschluss (Privacy Shield) f\u00fcr ung\u00fcltig erkl\u00e4rt.<\/p><h2>Targeting \/ Profiling \/ Werbung<\/h2><h3>Facebook Pixel<\/h3><p>Im Fall der Erteilung Ihrer Einwilligung verarbeiten wir mit dem Dienst\u00a0<a href=\"https:\/\/www.facebook.com\/\" target=\"_blank\" rel=\"noopener\">Facebook Pixel<\/a>, Meta Platforms Ireland Ltd., 4 Grand Canal Square, Grand Canal Harbour, Dublin 2, Irland als gemeinsame Verantwortliche Ihre personenbezogenen Daten zum Zweck der Schaltung personalisierter Werbung und der Messung unseres Werbeerfolgs.<\/p><p>Die Nichterteilung der Einwilligung hat auf die Funktion der Website keine unmittelbare Auswirkung, uns ist es jedoch bei Nichterteilung der Einwillung nicht m\u00f6glich personenbezogene Werbung auf Ihren Endger\u00e4ten zu schalten. Eine bereits erteilte Einwilligung k\u00f6nnen Sie widerrufen, indem Sie die\u00a0<span class=\"borlabs-cookie-open-dialog-preferences\" data-borlabs-cookie-title=\"Datenschutzeinstellungen\">Datenschutzeinstellungen<\/span>\u00a0\u00e4ndern.<\/p><p>Wir erm\u00f6glichen dem Dienst die Erhebung von Verbindungsdaten, Daten ihres Webbrowsers und Daten \u00fcber die aufgerufenen Inhalte. Zudem erm\u00f6glichen wir dem Dienst die Ausf\u00fchrung einer Tracking- und Wiedererkennungssoftware sowie die Speicherung von Daten auf ihrem Endger\u00e4t. Mittels der Tracking- und Wiedererkennungssoftware ist es dem Dienst sodann m\u00f6glich sein Werbenetzwerk anzureichern und Sie bei dem Aufruf fremder Websites wiederzuerkennen bzw. personalisierte Werbung auszuspielen. Zudem verwenden wir die erhobenen Daten zur Messung unseres Werbeerfolgs. Die Daten auf ihrem Endger\u00e4t werden f\u00fcr die Dauer von bis zu zwei Jahren gespeichert.<\/p><p>Die Rechtsgrundlage f\u00fcr die Datenverarbeitung ist Ihre Einwilligung gem\u00e4\u00df Art. 6 Abs 1 lit. a DSGVO.<\/p><p>Der Facebook Konzern \u00fcbermittelt Ihre personenbezogenen Daten in die USA. Die Rechtsgrundlage f\u00fcr die Daten\u00fcbermittlung in die USA ist Ihre Einwilligung gem\u00e4\u00df Art. 49 Abs 1 lit a iVm Art. 6 Abs 1 lit a DSGVO in Verbindung mit \u00a725 TTDSG. Sie wurden bereits vor Erteilung Ihrer Einwilligung informiert, dass die USA \u00fcber kein den Standards der EU entsprechendes Datenschutzniveau verf\u00fcgt. Insbesondere k\u00f6nnen US Geheimdienste auf Ihre Daten zugreifen, ohne dass Sie dar\u00fcber informiert werden und ohne dass Sie dagegen rechtlich vorgehen k\u00f6nnen. Der Europ\u00e4ische Gerichtshof hat aus diesem Grund in einem Urteil den fr\u00fcheren Angemessenheitsbeschluss (Privacy Shield) f\u00fcr ung\u00fcltig erkl\u00e4rt.<\/p><h2>Widerspruchsrecht<\/h2><p>Sofern die Verarbeitung Ihrer personenbezogenen Daten auf Grundlage des berechtigten Interesses erfolgt, haben Sie das Recht gegen diese Verarbeitung zu widersprechen.<\/p><p>Sofern keine zwingenden schutzw\u00fcrdigen Gr\u00fcnde f\u00fcr die Verarbeitung unsererseits vorliegen, wird die Verarbeitung Ihrer Daten auf Basis dieser Rechtsgrundlage eingestellt.<\/p><p>Zudem haben Sie das Recht, der Verarbeitung Ihrer personenbezogenen Daten zum Zweck der Direktwerbung zu widersprechen. Im Fall des Widerspruchs werden Ihre personenbezogenen Daten nicht mehr zum Zweck der Direktwerbung verarbeitet.<\/p><p>Die Rechtm\u00e4\u00dfigkeit der bis zum Widerspruch verarbeiteten Daten wird durch den Widerspruch nicht ber\u00fchrt.<\/p><h2>Widerrufsrecht<\/h2><p>Sie haben das Recht eine bereits erteilte Einwilligung jederzeit zu widerrufen, indem Sie die\u00a0<span class=\"borlabs-cookie-open-dialog-preferences\" data-borlabs-cookie-title=\"Datenschutzeinstellungen\">Datenschutzeinstellungen<\/span>\u00a0\u00e4ndern.<\/p><p>Im Fall der Einwilligung in den Erhalt elektronischer Werbung kann der Widerruf Ihrer Einwilligung durch Klick auf den Abmeldelink erfolgen. In diesem Fall wird eine Verarbeitung, sofern keine andere Rechtsgrundlage besteht, eingestellt.<\/p><p>Die Rechtm\u00e4\u00dfigkeit der bis zum Widerruf verarbeiteten Daten wird durch den Widerruf nicht ber\u00fchrt.<\/p><h2>Betroffenenrechte<\/h2><p>Sie haben zudem das Recht auf Auskunft, Berichtigung, L\u00f6schung und Einschr\u00e4nkung der Verarbeitung der personenbezogenen Daten.<\/p><p>Soweit die Rechtsgrundlage der Verarbeitung Ihrer personenbezogenen Daten in Ihrer Einwilligung oder in einem mit Ihnen abgeschlossenen Vertrag besteht, haben Sie \u00fcberdies das Recht auf Daten\u00fcbertragbarkeit.<\/p><p>Weiters haben Sie das Recht auf Beschwerde bei der Aufsichtsbeh\u00f6rde. N\u00e4here Informationen zu den Aufsichtsbeh\u00f6rden in der Europ\u00e4ischen Union finden Sie\u00a0<a title=\"Datenschutzbeh\u00f6rden\" href=\"https:\/\/ec.europa.eu\/justice\/article-29\/structure\/data-protection-authorities\/index_en.htm\" target=\"_blank\" rel=\"noopener\">hier<\/a>.<\/p>\t\t\t\t\t\t\t\t<\/div>\n\t\t\t\t<\/div>\n\t\t\t\t\t<\/div>\n\t\t\t\t<\/div>\n\t\t\t\t<\/div>\n\t\t","protected":false},"excerpt":{"rendered":"<p>Privacy Policy Datenschutzerkl\u00e4rung In dieser Datenschutzerkl\u00e4rung informieren wir Sie \u00fcber die Verarbeitung Ihrer personenbezogenen Daten. Sofern Sie Ihre Datenschutzeinstellungen \u00e4ndern m\u00f6chten (Einwilligungen erteilen oder bereits erteilte Einwilligungen widerrufen), klicken Sie\u00a0hier\u00a0um Ihre Einstellungen zu \u00e4ndern. Verantwortlich Steiner Interjobs Gmbh &amp; Co KG, Marktplatz 4, 4707 Schl\u00fc\u00dflberg, \u00d6sterreich,\u00a0office@interjobs.at, +43 7248 66843-0 Hosting Mittwald CM Service GmbH &amp; [&hellip;]<\/p>\n","protected":false},"author":6,"featured_media":0,"parent":0,"menu_order":0,"comment_status":"closed","ping_status":"closed","template":"","meta":{"site-sidebar-layout":"no-sidebar","site-content-layout":"page-builder","ast-site-content-layout":"full-width-container","site-content-style":"unboxed","site-sidebar-style":"unboxed","ast-global-header-display":"","ast-banner-title-visibility":"","ast-main-header-display":"","ast-hfb-above-header-display":"","ast-hfb-below-header-display":"","ast-hfb-mobile-header-display":"","site-post-title":"disabled","ast-breadcrumbs-content":"","ast-featured-img":"disabled","footer-sml-layout":"","ast-disable-related-posts":"","theme-transparent-header-meta":"","adv-header-id-meta":"","stick-header-meta":"","header-above-stick-meta":"","header-main-stick-meta":"","header-below-stick-meta":"","astra-migrate-meta-layouts":"set","ast-page-background-enabled":"default","ast-page-background-meta":{"desktop":{"background-color":"var(--ast-global-color-4)","background-image":"","background-repeat":"repeat","background-position":"center center","background-size":"auto","background-attachment":"scroll","background-type":"","background-media":"","overlay-type":"","overlay-color":"","overlay-opacity":"","overlay-gradient":""},"tablet":{"background-color":"","background-image":"","background-repeat":"repeat","background-position":"center center","background-size":"auto","background-attachment":"scroll","background-type":"","background-media":"","overlay-type":"","overlay-color":"","overlay-opacity":"","overlay-gradient":""},"mobile":{"background-color":"","background-image":"","background-repeat":"repeat","background-position":"center center","background-size":"auto","background-attachment":"scroll","background-type":"","background-media":"","overlay-type":"","overlay-color":"","overlay-opacity":"","overlay-gradient":""}},"ast-content-background-meta":{"desktop":{"background-color":"var(--ast-global-color-5)","background-image":"","background-repeat":"repeat","background-position":"center center","background-size":"auto","background-attachment":"scroll","background-type":"","background-media":"","overlay-type":"","overlay-color":"","overlay-opacity":"","overlay-gradient":""},"tablet":{"background-color":"var(--ast-global-color-5)","background-image":"","background-repeat":"repeat","background-position":"center center","background-size":"auto","background-attachment":"scroll","background-type":"","background-media":"","overlay-type":"","overlay-color":"","overlay-opacity":"","overlay-gradient":""},"mobile":{"background-color":"var(--ast-global-color-5)","background-image":"","background-repeat":"repeat","background-position":"center center","background-size":"auto","background-attachment":"scroll","background-type":"","background-media":"","overlay-type":"","overlay-color":"","overlay-opacity":"","overlay-gradient":""}},"footnotes":""},"class_list":["post-2422","page","type-page","status-publish","hentry"],"_links":{"self":[{"href":"https:\/\/interjobs.at\/en\/wp-json\/wp\/v2\/pages\/2422","targetHints":{"allow":["GET"]}}],"collection":[{"href":"https:\/\/interjobs.at\/en\/wp-json\/wp\/v2\/pages"}],"about":[{"href":"https:\/\/interjobs.at\/en\/wp-json\/wp\/v2\/types\/page"}],"author":[{"embeddable":true,"href":"https:\/\/interjobs.at\/en\/wp-json\/wp\/v2\/users\/6"}],"replies":[{"embeddable":true,"href":"https:\/\/interjobs.at\/en\/wp-json\/wp\/v2\/comments?post=2422"}],"version-history":[{"count":12,"href":"https:\/\/interjobs.at\/en\/wp-json\/wp\/v2\/pages\/2422\/revisions"}],"predecessor-version":[{"id":3766,"href":"https:\/\/interjobs.at\/en\/wp-json\/wp\/v2\/pages\/2422\/revisions\/3766"}],"wp:attachment":[{"href":"https:\/\/interjobs.at\/en\/wp-json\/wp\/v2\/media?parent=2422"}],"curies":[{"name":"wp","href":"https:\/\/api.w.org\/{rel}","templated":true}]}}