{"id":2448,"date":"2023-05-19T15:33:07","date_gmt":"2023-05-19T15:33:07","guid":{"rendered":"https:\/\/p-g0biip.project.space\/?page_id=2448"},"modified":"2025-04-30T14:14:51","modified_gmt":"2025-04-30T14:14:51","slug":"imprint","status":"publish","type":"page","link":"https:\/\/interjobs.at\/en\/imprint\/","title":{"rendered":"Imprint"},"content":{"rendered":"\t\t<div data-elementor-type=\"wp-page\" data-elementor-id=\"2448\" class=\"elementor elementor-2448 elementor-288\" data-elementor-post-type=\"page\">\n\t\t\t\t<div class=\"elementor-element elementor-element-36d9bac e-flex e-con-boxed e-con e-parent\" data-id=\"36d9bac\" data-element_type=\"container\" data-settings=\"{&quot;background_background&quot;:&quot;classic&quot;}\">\n\t\t\t\t\t<div class=\"e-con-inner\">\n\t\t<div class=\"elementor-element elementor-element-9926e37 e-flex e-con-boxed e-con e-child\" data-id=\"9926e37\" data-element_type=\"container\">\n\t\t\t\t\t<div class=\"e-con-inner\">\n\t\t\t\t<div class=\"elementor-element elementor-element-e52c0d5 elementor-widget elementor-widget-heading\" data-id=\"e52c0d5\" data-element_type=\"widget\" data-widget_type=\"heading.default\">\n\t\t\t\t<div class=\"elementor-widget-container\">\n\t\t\t\t\t<h1 class=\"elementor-heading-title elementor-size-default\">Imprint<\/h1>\t\t\t\t<\/div>\n\t\t\t\t<\/div>\n\t\t\t\t\t<\/div>\n\t\t\t\t<\/div>\n\t\t\t\t\t<\/div>\n\t\t\t\t<\/div>\n\t\t<div class=\"elementor-element elementor-element-d30924a e-flex e-con-boxed e-con e-parent\" data-id=\"d30924a\" data-element_type=\"container\">\n\t\t\t\t\t<div class=\"e-con-inner\">\n\t\t\t\t<div class=\"elementor-element elementor-element-6a3bfe1 elementor-widget elementor-widget-text-editor\" data-id=\"6a3bfe1\" data-element_type=\"widget\" data-widget_type=\"text-editor.default\">\n\t\t\t\t<div class=\"elementor-widget-container\">\n\t\t\t\t\t\t\t\t\t<p>Steiner Interjobs Gmbh &amp; Co KG<br \/>Gesch\u00e4ftsf\u00fchrer: Ewald Em<br \/>Marktplatz 4<br \/>4707 Schl\u00fc\u00dflberg<br \/>\u00d6sterreich<br \/>E-Mail-Adresse:\u00a0<a href=\"mailto:office@interjobs.at\">office@interjobs.at<\/a><br \/>Telefonnummer: +43 7248 66843-0<br \/>Gesellschafter: Steiner Interjobs GmbH<br \/>Kommanditist\/in: Bruno Steiner &amp; Anita Steiner<br \/>Registergericht &amp; Registernummer: Wels FN234825g<br \/>Umsatzsteuer-Identifikationsnummer: ATU57051399<\/p><p>Verantwortlich f\u00fcr den Inhalt: Interjobs<\/p><p>Plattform der Europ\u00e4ischen Kommission zur Online-Streitbeilegung (OS) f\u00fcr Verbraucher:\u00a0<a href=\"https:\/\/ec.europa.eu\/consumers\/odr\/\" target=\"_blank\" rel=\"noopener\">https:\/\/ec.europa.eu\/consumers\/odr\/<\/a>. Wir sind nicht bereit und nicht verpflichtet an einem Streitbeilegungsverfahren vor einer Verbraucherschlichtungsstelle teilzunehmen.<\/p><p><strong>Design und Umsetzung<\/strong><br \/>Hammerer GmbH<br \/>Riedauer Stra\u00dfe 48<br \/>4910 Ried im Innkreis<br \/>E-Mail: <a href=\"mailto:office@hammerer.at\">office@hammerer.at<\/a><br \/>Web: <a href=\"https:\/\/www.hammerer.at\" target=\"_blank\" rel=\"noopener\">www.hammerer.at<\/a><\/p>\t\t\t\t\t\t\t\t<\/div>\n\t\t\t\t<\/div>\n\t\t\t\t\t<\/div>\n\t\t\t\t<\/div>\n\t\t\t\t<\/div>\n\t\t","protected":false},"excerpt":{"rendered":"<p>Imprint Steiner Interjobs Gmbh &amp; Co KGGesch\u00e4ftsf\u00fchrer: Ewald EmMarktplatz 44707 Schl\u00fc\u00dflberg\u00d6sterreichE-Mail-Adresse:\u00a0office@interjobs.atTelefonnummer: +43 7248 66843-0Gesellschafter: Steiner Interjobs GmbHKommanditist\/in: Bruno Steiner &amp; Anita SteinerRegistergericht &amp; Registernummer: Wels FN234825gUmsatzsteuer-Identifikationsnummer: ATU57051399 Verantwortlich f\u00fcr den Inhalt: Interjobs Plattform der Europ\u00e4ischen Kommission zur Online-Streitbeilegung (OS) f\u00fcr Verbraucher:\u00a0https:\/\/ec.europa.eu\/consumers\/odr\/. Wir sind nicht bereit und nicht verpflichtet an einem Streitbeilegungsverfahren vor einer Verbraucherschlichtungsstelle teilzunehmen. [&hellip;]<\/p>\n","protected":false},"author":6,"featured_media":0,"parent":0,"menu_order":0,"comment_status":"closed","ping_status":"closed","template":"","meta":{"site-sidebar-layout":"no-sidebar","site-content-layout":"page-builder","ast-site-content-layout":"full-width-container","site-content-style":"unboxed","site-sidebar-style":"unboxed","ast-global-header-display":"","ast-banner-title-visibility":"","ast-main-header-display":"","ast-hfb-above-header-display":"","ast-hfb-below-header-display":"","ast-hfb-mobile-header-display":"","site-post-title":"disabled","ast-breadcrumbs-content":"","ast-featured-img":"disabled","footer-sml-layout":"","ast-disable-related-posts":"","theme-transparent-header-meta":"","adv-header-id-meta":"","stick-header-meta":"","header-above-stick-meta":"","header-main-stick-meta":"","header-below-stick-meta":"","astra-migrate-meta-layouts":"default","ast-page-background-enabled":"default","ast-page-background-meta":{"desktop":{"background-color":"var(--ast-global-color-4)","background-image":"","background-repeat":"repeat","background-position":"center center","background-size":"auto","background-attachment":"scroll","background-type":"","background-media":"","overlay-type":"","overlay-color":"","overlay-opacity":"","overlay-gradient":""},"tablet":{"background-color":"","background-image":"","background-repeat":"repeat","background-position":"center center","background-size":"auto","background-attachment":"scroll","background-type":"","background-media":"","overlay-type":"","overlay-color":"","overlay-opacity":"","overlay-gradient":""},"mobile":{"background-color":"","background-image":"","background-repeat":"repeat","background-position":"center center","background-size":"auto","background-attachment":"scroll","background-type":"","background-media":"","overlay-type":"","overlay-color":"","overlay-opacity":"","overlay-gradient":""}},"ast-content-background-meta":{"desktop":{"background-color":"var(--ast-global-color-5)","background-image":"","background-repeat":"repeat","background-position":"center center","background-size":"auto","background-attachment":"scroll","background-type":"","background-media":"","overlay-type":"","overlay-color":"","overlay-opacity":"","overlay-gradient":""},"tablet":{"background-color":"var(--ast-global-color-5)","background-image":"","background-repeat":"repeat","background-position":"center center","background-size":"auto","background-attachment":"scroll","background-type":"","background-media":"","overlay-type":"","overlay-color":"","overlay-opacity":"","overlay-gradient":""},"mobile":{"background-color":"var(--ast-global-color-5)","background-image":"","background-repeat":"repeat","background-position":"center center","background-size":"auto","background-attachment":"scroll","background-type":"","background-media":"","overlay-type":"","overlay-color":"","overlay-opacity":"","overlay-gradient":""}},"footnotes":""},"class_list":["post-2448","page","type-page","status-publish","hentry"],"_links":{"self":[{"href":"https:\/\/interjobs.at\/en\/wp-json\/wp\/v2\/pages\/2448","targetHints":{"allow":["GET"]}}],"collection":[{"href":"https:\/\/interjobs.at\/en\/wp-json\/wp\/v2\/pages"}],"about":[{"href":"https:\/\/interjobs.at\/en\/wp-json\/wp\/v2\/types\/page"}],"author":[{"embeddable":true,"href":"https:\/\/interjobs.at\/en\/wp-json\/wp\/v2\/users\/6"}],"replies":[{"embeddable":true,"href":"https:\/\/interjobs.at\/en\/wp-json\/wp\/v2\/comments?post=2448"}],"version-history":[{"count":10,"href":"https:\/\/interjobs.at\/en\/wp-json\/wp\/v2\/pages\/2448\/revisions"}],"predecessor-version":[{"id":3760,"href":"https:\/\/interjobs.at\/en\/wp-json\/wp\/v2\/pages\/2448\/revisions\/3760"}],"wp:attachment":[{"href":"https:\/\/interjobs.at\/en\/wp-json\/wp\/v2\/media?parent=2448"}],"curies":[{"name":"wp","href":"https:\/\/api.w.org\/{rel}","templated":true}]}}