{"id":2803,"date":"2023-05-17T07:39:09","date_gmt":"2023-05-17T07:39:09","guid":{"rendered":"https:\/\/p-g0biip.project.space\/?page_id=2803"},"modified":"2023-11-21T14:55:42","modified_gmt":"2023-11-21T14:55:42","slug":"contact","status":"publish","type":"page","link":"https:\/\/interjobs.at\/en\/contact\/","title":{"rendered":"Contact"},"content":{"rendered":"\t\t<div data-elementor-type=\"wp-page\" data-elementor-id=\"2803\" class=\"elementor elementor-2803 elementor-42\" data-elementor-post-type=\"page\">\n\t\t\t\t<div class=\"elementor-element elementor-element-4c507d5 e-con-full e-flex e-con e-parent\" data-id=\"4c507d5\" data-element_type=\"container\" data-settings=\"{&quot;background_background&quot;:&quot;classic&quot;}\">\n\t\t<div class=\"elementor-element elementor-element-f9b43f0 e-flex e-con-boxed e-con e-parent\" data-id=\"f9b43f0\" data-element_type=\"container\">\n\t\t\t\t\t<div class=\"e-con-inner\">\n\t\t\t\t<div class=\"elementor-element elementor-element-6b915ec elementor-widget elementor-widget-heading\" data-id=\"6b915ec\" data-element_type=\"widget\" data-widget_type=\"heading.default\">\n\t\t\t\t<div class=\"elementor-widget-container\">\n\t\t\t\t\t<h1 class=\"elementor-heading-title elementor-size-default\">Contact<\/h1>\t\t\t\t<\/div>\n\t\t\t\t<\/div>\n\t\t\t\t<div class=\"elementor-element elementor-element-a0d1e2a elementor-widget elementor-widget-hotspot\" data-id=\"a0d1e2a\" data-element_type=\"widget\" data-settings=\"{&quot;hotspot&quot;:[{&quot;_id&quot;:&quot;4426b44&quot;,&quot;hotspot_label&quot;:&quot;Schl\\u00fc\\u00dflberg&quot;,&quot;hotspot_tooltip_content&quot;:&quot;&lt;p&gt;Marktplatz 4&lt;br \\\/&gt;4707 Schl\\u00fc\\u00dflberg&lt;\\\/p&gt;&lt;p&gt;T &lt;a href=\\&quot;tel:+43 7248 66843\\&quot;&gt;+43 7248 66843&lt;\\\/a&gt;&lt;br \\\/&gt;E &lt;a href=\\&quot;mailto:office@interjobs.at\\&quot;&gt;office@interjobs.at&lt;\\\/a&gt;&lt;\\\/p&gt;&quot;,&quot;hotspot_offset_x&quot;:{&quot;unit&quot;:&quot;%&quot;,&quot;size&quot;:66,&quot;sizes&quot;:[]},&quot;hotspot_offset_y&quot;:{&quot;unit&quot;:&quot;%&quot;,&quot;size&quot;:23,&quot;sizes&quot;:[]},&quot;hotspot_tooltip_position&quot;:&quot;yes&quot;,&quot;hotspot_icon&quot;:{&quot;value&quot;:{&quot;url&quot;:&quot;https:\\\/\\\/interjobs.at\\\/wp-content\\\/uploads\\\/2023\\\/05\\\/Icon-_interjobs-pin.svg&quot;,&quot;id&quot;:2309},&quot;library&quot;:&quot;svg&quot;},&quot;hotspot_offset_x_tablet&quot;:{&quot;unit&quot;:&quot;px&quot;,&quot;size&quot;:69,&quot;sizes&quot;:[]},&quot;hotspot_offset_x_mobile&quot;:{&quot;unit&quot;:&quot;px&quot;,&quot;size&quot;:80,&quot;sizes&quot;:[]},&quot;hotspot_position_tablet&quot;:&quot;right&quot;,&quot;hotspot_position_mobile&quot;:&quot;right&quot;,&quot;__dynamic__&quot;:null,&quot;hotspot_link&quot;:{&quot;url&quot;:&quot;&quot;,&quot;is_external&quot;:&quot;&quot;,&quot;nofollow&quot;:&quot;&quot;,&quot;custom_attributes&quot;:&quot;&quot;},&quot;hotspot_custom_size&quot;:&quot;no&quot;,&quot;hotspot_horizontal&quot;:&quot;left&quot;,&quot;hotspot_vertical&quot;:&quot;top&quot;,&quot;hotspot_position&quot;:&quot;&quot;},{&quot;hotspot_label&quot;:&quot;Niklasdorf&quot;,&quot;hotspot_tooltip_content&quot;:&quot;&lt;p&gt;Parkring 3&lt;br \\\/&gt;8712 Niklasdorf&lt;\\\/p&gt;&lt;p&gt;T &lt;a href=\\&quot;tel:+43 3842 81385\\&quot;&gt;+43 3842 81385&lt;\\\/a&gt;&lt;br \\\/&gt;E &lt;a href=\\&quot;mailto:niklasdorf@interjobs.at\\&quot;&gt;niklasdorf@interjobs.at&lt;\\\/a&gt;&lt;\\\/p&gt;&quot;,&quot;hotspot_offset_x&quot;:{&quot;unit&quot;:&quot;%&quot;,&quot;size&quot;:86,&quot;sizes&quot;:[]},&quot;hotspot_offset_y&quot;:{&quot;unit&quot;:&quot;%&quot;,&quot;size&quot;:52,&quot;sizes&quot;:[]},&quot;hotspot_tooltip_position&quot;:&quot;yes&quot;,&quot;hotspot_icon&quot;:{&quot;value&quot;:{&quot;url&quot;:&quot;https:\\\/\\\/interjobs.at\\\/wp-content\\\/uploads\\\/2023\\\/05\\\/Icon-_interjobs-pin.svg&quot;,&quot;id&quot;:2309},&quot;library&quot;:&quot;svg&quot;},&quot;hotspot_offset_x_tablet&quot;:{&quot;unit&quot;:&quot;px&quot;,&quot;size&quot;:84,&quot;sizes&quot;:[]},&quot;hotspot_offset_x_mobile&quot;:{&quot;unit&quot;:&quot;px&quot;,&quot;size&quot;:85,&quot;sizes&quot;:[]},&quot;_id&quot;:&quot;a3469e6&quot;,&quot;__dynamic__&quot;:null,&quot;hotspot_link&quot;:{&quot;url&quot;:&quot;&quot;,&quot;is_external&quot;:&quot;&quot;,&quot;nofollow&quot;:&quot;&quot;,&quot;custom_attributes&quot;:&quot;&quot;},&quot;hotspot_custom_size&quot;:&quot;no&quot;,&quot;hotspot_horizontal&quot;:&quot;left&quot;,&quot;hotspot_vertical&quot;:&quot;top&quot;,&quot;hotspot_position&quot;:&quot;&quot;}],&quot;tooltip_animation&quot;:&quot;e-hotspot--fade-grow&quot;,&quot;tooltip_position&quot;:&quot;top&quot;,&quot;tooltip_trigger&quot;:&quot;click&quot;}\" data-widget_type=\"hotspot.default\">\n\t\t\t\t<div class=\"elementor-widget-container\">\n\t\t\t\t\t<img fetchpriority=\"high\" decoding=\"async\" width=\"1024\" height=\"523\" src=\"https:\/\/interjobs.at\/wp-content\/uploads\/2023\/05\/karte-at-1024x523.png\" class=\"attachment-large size-large wp-image-2213\" alt=\"Karte von \u00d6sterreich - Interjobs\" srcset=\"https:\/\/interjobs.at\/wp-content\/uploads\/2023\/05\/karte-at-1024x523.png 1024w, https:\/\/interjobs.at\/wp-content\/uploads\/2023\/05\/karte-at-300x153.png 300w, https:\/\/interjobs.at\/wp-content\/uploads\/2023\/05\/karte-at-768x393.png 768w, https:\/\/interjobs.at\/wp-content\/uploads\/2023\/05\/karte-at-1536x785.png 1536w, https:\/\/interjobs.at\/wp-content\/uploads\/2023\/05\/karte-at.png 1870w\" sizes=\"(max-width: 1024px) 100vw, 1024px\" \/>\n\t\t\t\t\t\t<div class=\"e-hotspot elementor-repeater-item-4426b44  e-hotspot--position-left e-hotspot--position-top  \">\n\n\t\t\t\t\t\t\t\t<div class=\"e-hotspot__button e-hotspot--expand\">\n\t\t\t\t\t\t\t\t\t\t\t\t\t\t\t\t\t\t<div class=\"e-hotspot__icon\"><svg xmlns=\"http:\/\/www.w3.org\/2000\/svg\" id=\"Ebene_1\" data-name=\"Ebene 1\" viewBox=\"0 0 1200 1200\"><g id=\"pin\"><path id=\"Pfad_6457\" data-name=\"Pfad 6457\" d=\"m598.71,55.72c101.71-1.61,199.63,38.58,270.89,111.18,73.37,70.3,114.12,168,112.44,269.6-2.08,62.79-15.5,124.69-39.6,182.71-25.39,66.96-57.5,131.17-95.84,191.65-37.47,58.79-74.95,114.15-112.44,166.1s-69.01,93.26-94.55,123.94l-40.89,43.45c-10.23-10.23-23.86-25.56-40.89-46-17.03-20.44-47.27-60.04-90.71-118.81-43.44-58.79-82.19-115.86-116.26-171.23-36.22-59.74-67.01-122.6-92-187.84-24.79-58.31-38.65-120.68-40.89-183.99-1.75-101.35,38.48-198.92,111.16-269.57,70.66-72.69,168.24-112.93,269.6-111.18Zm0,516.2c36.39.45,71.41-13.84,97.1-39.6,52.92-50.74,54.69-134.77,3.96-187.7-1.29-1.35-2.61-2.66-3.96-3.96-25.7-25.77-60.72-40.05-97.1-39.6-74.69-.11-135.33,60.34-135.44,135.03,0,.14,0,.28,0,.41-.11,74.69,60.34,135.33,135.03,135.44.14,0,.28,0,.41,0v-.02Z\"><\/path><\/g><\/svg><\/div>\n\t\t\t\t\t\t\t\t\t\t\t\t\t\t\t\t\t\t\t<div class=\"e-hotspot__label\">Schl\u00fc\u00dflberg<\/div>\n\t\t\t\t\t\t\t\t\t\t\t\t\t\t\t<\/div>\n\n\t\t\t\t\t\t\t\t\t\t\t\t\t\t\t\t\t\t<div class=\"e-hotspot__tooltip  e-hotspot--tooltip-position e-hotspot--fade-grow \" >\n\t\t\t\t\t\t<p>Marktplatz 4<br \/>4707 Schl\u00fc\u00dflberg<\/p><p>T <a href=\"tel:+43 7248 66843\">+43 7248 66843<\/a><br \/>E <a href=\"mailto:office@interjobs.at\">office@interjobs.at<\/a><\/p>\t\t\t\t\t<\/div>\n\t\t\t\t\t\t\t\t\t\n\t\t\t<\/div>\n\n\t\n\t\t\t\t\t\t<div class=\"e-hotspot elementor-repeater-item-a3469e6  e-hotspot--position-left e-hotspot--position-top  \">\n\n\t\t\t\t\t\t\t\t<div class=\"e-hotspot__button e-hotspot--expand\">\n\t\t\t\t\t\t\t\t\t\t\t\t\t\t\t\t\t\t<div class=\"e-hotspot__icon\"><svg xmlns=\"http:\/\/www.w3.org\/2000\/svg\" id=\"Ebene_1\" data-name=\"Ebene 1\" viewBox=\"0 0 1200 1200\"><g id=\"pin\"><path id=\"Pfad_6457\" data-name=\"Pfad 6457\" d=\"m598.71,55.72c101.71-1.61,199.63,38.58,270.89,111.18,73.37,70.3,114.12,168,112.44,269.6-2.08,62.79-15.5,124.69-39.6,182.71-25.39,66.96-57.5,131.17-95.84,191.65-37.47,58.79-74.95,114.15-112.44,166.1s-69.01,93.26-94.55,123.94l-40.89,43.45c-10.23-10.23-23.86-25.56-40.89-46-17.03-20.44-47.27-60.04-90.71-118.81-43.44-58.79-82.19-115.86-116.26-171.23-36.22-59.74-67.01-122.6-92-187.84-24.79-58.31-38.65-120.68-40.89-183.99-1.75-101.35,38.48-198.92,111.16-269.57,70.66-72.69,168.24-112.93,269.6-111.18Zm0,516.2c36.39.45,71.41-13.84,97.1-39.6,52.92-50.74,54.69-134.77,3.96-187.7-1.29-1.35-2.61-2.66-3.96-3.96-25.7-25.77-60.72-40.05-97.1-39.6-74.69-.11-135.33,60.34-135.44,135.03,0,.14,0,.28,0,.41-.11,74.69,60.34,135.33,135.03,135.44.14,0,.28,0,.41,0v-.02Z\"><\/path><\/g><\/svg><\/div>\n\t\t\t\t\t\t\t\t\t\t\t\t\t\t\t\t\t\t\t<div class=\"e-hotspot__label\">Niklasdorf<\/div>\n\t\t\t\t\t\t\t\t\t\t\t\t\t\t\t<\/div>\n\n\t\t\t\t\t\t\t\t\t\t\t\t\t\t\t\t\t\t<div class=\"e-hotspot__tooltip  e-hotspot--tooltip-position e-hotspot--fade-grow \" >\n\t\t\t\t\t\t<p>Parkring 3<br \/>8712 Niklasdorf<\/p><p>T <a href=\"tel:+43 3842 81385\">+43 3842 81385<\/a><br \/>E <a href=\"mailto:niklasdorf@interjobs.at\">niklasdorf@interjobs.at<\/a><\/p>\t\t\t\t\t<\/div>\n\t\t\t\t\t\t\t\t\t\n\t\t\t<\/div>\n\n\t\n\t\t\t\t\t\t<\/div>\n\t\t\t\t<\/div>\n\t\t\t\t\t<\/div>\n\t\t\t\t<\/div>\n\t\t<div class=\"elementor-element elementor-element-57cd507 e-flex e-con-boxed e-con e-parent\" data-id=\"57cd507\" data-element_type=\"container\">\n\t\t\t\t\t<div class=\"e-con-inner\">\n\t\t<div class=\"elementor-element elementor-element-96d2ec5 e-flex e-con-boxed elementor-invisible e-con e-parent\" data-id=\"96d2ec5\" data-element_type=\"container\" data-settings=\"{&quot;animation&quot;:&quot;slideInLeft&quot;}\">\n\t\t\t\t\t<div class=\"e-con-inner\">\n\t\t\t\t<div class=\"elementor-element elementor-element-234bc87 elementor-widget elementor-widget-heading\" data-id=\"234bc87\" data-element_type=\"widget\" data-widget_type=\"heading.default\">\n\t\t\t\t<div class=\"elementor-widget-container\">\n\t\t\t\t\t<h2 class=\"elementor-heading-title elementor-size-default\">Directions to Schl\u00fc\u00dflberg<\/h2>\t\t\t\t<\/div>\n\t\t\t\t<\/div>\n\t\t\t\t<div class=\"elementor-element elementor-element-5151da5 elementor-widget elementor-widget-google_maps\" data-id=\"5151da5\" data-element_type=\"widget\" data-widget_type=\"google_maps.default\">\n\t\t\t\t<div class=\"elementor-widget-container\">\n\t\t\t\t\t\t\t<div class=\"elementor-custom-embed\">\n\t\t\t <div class=\"brlbs-cmpnt-container brlbs-cmpnt-content-blocker brlbs-cmpnt-with-individual-styles\" data-borlabs-cookie-content-blocker-id=\"google-maps\" data-borlabs-cookie-content=\"PGlmcmFtZSBsb2FkaW5nPSJsYXp5IgoJCQkJCXNyYz0iaHR0cHM6Ly9tYXBzLmdvb2dsZS5jb20vbWFwcz9xPSUyMFN0ZWluZXIlMjBJbnRlcmpvYnMlMkMlMjBNYXJrdHBsLiUyMDQlMkMlMjA0NzA3JTIwU2NobCVDMyVCQyVDMyU5RmxiZXJnJTJDJTIwJUMzJTk2c3RlcnJlaWNoJiMwMzg7dD1tJiMwMzg7ej0xMCYjMDM4O291dHB1dD1lbWJlZCYjMDM4O2l3bG9jPW5lYXIiCgkJCQkJdGl0bGU9IiBTdGVpbmVyIEludGVyam9icywgTWFya3RwbC4gNCwgNDcwNyBTY2hsw7zDn2xiZXJnLCDDlnN0ZXJyZWljaCIKCQkJCQlhcmlhLWxhYmVsPSIgU3RlaW5lciBJbnRlcmpvYnMsIE1hcmt0cGwuIDQsIDQ3MDcgU2NobMO8w59sYmVyZywgw5ZzdGVycmVpY2giCgkJCT48L2lmcmFtZT4=\"><div class=\"brlbs-cmpnt-cb-preset-b brlbs-cmpnt-cb-google-maps\"> <div class=\"brlbs-cmpnt-cb-thumbnail\" style=\"background-image: url('https:\/\/interjobs.at\/wp-content\/uploads\/borlabs-cookie\/1\/brlbs-cb-google-maps-main.png')\"><\/div> <div class=\"brlbs-cmpnt-cb-main\"> <div class=\"brlbs-cmpnt-cb-content\"> <p class=\"brlbs-cmpnt-cb-description\">You are currently viewing a placeholder content from <strong>Google Maps<\/strong>. To access the actual content, click the button below. Please note that doing so will share data with third-party providers.<\/p> <a class=\"brlbs-cmpnt-cb-provider-toggle\" href=\"#\" data-borlabs-cookie-show-provider-information role=\"button\">More Information<\/a> <\/div> <div class=\"brlbs-cmpnt-cb-buttons\"> <a class=\"brlbs-cmpnt-cb-btn\" href=\"#\" data-borlabs-cookie-unblock role=\"button\">Unblock content<\/a> <a class=\"brlbs-cmpnt-cb-btn\" href=\"#\" data-borlabs-cookie-accept-service role=\"button\" style=\"display: inherit\">Accept required service and unblock content<\/a> <\/div> <\/div> <\/div><\/div>\n\t\t<\/div>\n\t\t\t\t\t\t<\/div>\n\t\t\t\t<\/div>\n\t\t\t\t\t<\/div>\n\t\t\t\t<\/div>\n\t\t<div class=\"elementor-element elementor-element-bf73d12 e-flex e-con-boxed elementor-invisible e-con e-parent\" data-id=\"bf73d12\" data-element_type=\"container\" data-settings=\"{&quot;animation&quot;:&quot;slideInRight&quot;}\">\n\t\t\t\t\t<div class=\"e-con-inner\">\n\t\t\t\t<div class=\"elementor-element elementor-element-9bfe4f7 elementor-widget elementor-widget-heading\" data-id=\"9bfe4f7\" data-element_type=\"widget\" data-widget_type=\"heading.default\">\n\t\t\t\t<div class=\"elementor-widget-container\">\n\t\t\t\t\t<h2 class=\"elementor-heading-title elementor-size-default\">Directions to Niklasdorf<\/h2>\t\t\t\t<\/div>\n\t\t\t\t<\/div>\n\t\t\t\t<div class=\"elementor-element elementor-element-1f7bc3c elementor-widget elementor-widget-google_maps\" data-id=\"1f7bc3c\" data-element_type=\"widget\" data-widget_type=\"google_maps.default\">\n\t\t\t\t<div class=\"elementor-widget-container\">\n\t\t\t\t\t\t\t<div class=\"elementor-custom-embed\">\n\t\t\t <div class=\"brlbs-cmpnt-container brlbs-cmpnt-content-blocker brlbs-cmpnt-with-individual-styles\" data-borlabs-cookie-content-blocker-id=\"google-maps\" data-borlabs-cookie-content=\"PGlmcmFtZSBsb2FkaW5nPSJsYXp5IgoJCQkJCXNyYz0iaHR0cHM6Ly9tYXBzLmdvb2dsZS5jb20vbWFwcz9xPSUyMFBhcmtyaW5nJTIwMyUyQyUyMDg3MTIlMjBOaWtsYXNkb3JmJTJDJTIwJUMzJTk2c3RlcnJlaWNoJiMwMzg7dD1tJiMwMzg7ej0xMCYjMDM4O291dHB1dD1lbWJlZCYjMDM4O2l3bG9jPW5lYXIiCgkJCQkJdGl0bGU9IiBQYXJrcmluZyAzLCA4NzEyIE5pa2xhc2RvcmYsIMOWc3RlcnJlaWNoIgoJCQkJCWFyaWEtbGFiZWw9IiBQYXJrcmluZyAzLCA4NzEyIE5pa2xhc2RvcmYsIMOWc3RlcnJlaWNoIgoJCQk+PC9pZnJhbWU+\"><div class=\"brlbs-cmpnt-cb-preset-b brlbs-cmpnt-cb-google-maps\"> <div class=\"brlbs-cmpnt-cb-thumbnail\" style=\"background-image: url('https:\/\/interjobs.at\/wp-content\/uploads\/borlabs-cookie\/1\/brlbs-cb-google-maps-main.png')\"><\/div> <div class=\"brlbs-cmpnt-cb-main\"> <div class=\"brlbs-cmpnt-cb-content\"> <p class=\"brlbs-cmpnt-cb-description\">You are currently viewing a placeholder content from <strong>Google Maps<\/strong>. To access the actual content, click the button below. Please note that doing so will share data with third-party providers.<\/p> <a class=\"brlbs-cmpnt-cb-provider-toggle\" href=\"#\" data-borlabs-cookie-show-provider-information role=\"button\">More Information<\/a> <\/div> <div class=\"brlbs-cmpnt-cb-buttons\"> <a class=\"brlbs-cmpnt-cb-btn\" href=\"#\" data-borlabs-cookie-unblock role=\"button\">Unblock content<\/a> <a class=\"brlbs-cmpnt-cb-btn\" href=\"#\" data-borlabs-cookie-accept-service role=\"button\" style=\"display: inherit\">Accept required service and unblock content<\/a> <\/div> <\/div> <\/div><\/div>\n\t\t<\/div>\n\t\t\t\t\t\t<\/div>\n\t\t\t\t<\/div>\n\t\t\t\t\t<\/div>\n\t\t\t\t<\/div>\n\t\t\t\t\t<\/div>\n\t\t\t\t<\/div>\n\t\t\t\t<\/div>\n\t\t\t\t<\/div>\n\t\t","protected":false},"excerpt":{"rendered":"<p>Contact Schl\u00fc\u00dflberg Marktplatz 44707 Schl\u00fc\u00dflberg T +43 7248 66843E office@interjobs.at Niklasdorf Parkring 38712 Niklasdorf T +43 3842 81385E niklasdorf@interjobs.at Directions to Schl\u00fc\u00dflberg You are currently viewing a placeholder content from Google Maps. To access the actual content, click the button below. Please note that doing so will share data with third-party providers. More Information Unblock [&hellip;]<\/p>\n","protected":false},"author":6,"featured_media":0,"parent":0,"menu_order":0,"comment_status":"closed","ping_status":"closed","template":"","meta":{"site-sidebar-layout":"no-sidebar","site-content-layout":"page-builder","ast-site-content-layout":"full-width-container","site-content-style":"unboxed","site-sidebar-style":"unboxed","ast-global-header-display":"","ast-banner-title-visibility":"","ast-main-header-display":"","ast-hfb-above-header-display":"","ast-hfb-below-header-display":"","ast-hfb-mobile-header-display":"","site-post-title":"disabled","ast-breadcrumbs-content":"","ast-featured-img":"disabled","footer-sml-layout":"","ast-disable-related-posts":"","theme-transparent-header-meta":"","adv-header-id-meta":"","stick-header-meta":"","header-above-stick-meta":"","header-main-stick-meta":"","header-below-stick-meta":"","astra-migrate-meta-layouts":"set","ast-page-background-enabled":"default","ast-page-background-meta":{"desktop":{"background-color":"var(--ast-global-color-4)","background-image":"","background-repeat":"repeat","background-position":"center center","background-size":"auto","background-attachment":"scroll","background-type":"","background-media":"","overlay-type":"","overlay-color":"","overlay-opacity":"","overlay-gradient":""},"tablet":{"background-color":"","background-image":"","background-repeat":"repeat","background-position":"center center","background-size":"auto","background-attachment":"scroll","background-type":"","background-media":"","overlay-type":"","overlay-color":"","overlay-opacity":"","overlay-gradient":""},"mobile":{"background-color":"","background-image":"","background-repeat":"repeat","background-position":"center center","background-size":"auto","background-attachment":"scroll","background-type":"","background-media":"","overlay-type":"","overlay-color":"","overlay-opacity":"","overlay-gradient":""}},"ast-content-background-meta":{"desktop":{"background-color":"var(--ast-global-color-5)","background-image":"","background-repeat":"repeat","background-position":"center center","background-size":"auto","background-attachment":"scroll","background-type":"","background-media":"","overlay-type":"","overlay-color":"","overlay-opacity":"","overlay-gradient":""},"tablet":{"background-color":"var(--ast-global-color-5)","background-image":"","background-repeat":"repeat","background-position":"center center","background-size":"auto","background-attachment":"scroll","background-type":"","background-media":"","overlay-type":"","overlay-color":"","overlay-opacity":"","overlay-gradient":""},"mobile":{"background-color":"var(--ast-global-color-5)","background-image":"","background-repeat":"repeat","background-position":"center center","background-size":"auto","background-attachment":"scroll","background-type":"","background-media":"","overlay-type":"","overlay-color":"","overlay-opacity":"","overlay-gradient":""}},"footnotes":""},"class_list":["post-2803","page","type-page","status-publish","hentry"],"_links":{"self":[{"href":"https:\/\/interjobs.at\/en\/wp-json\/wp\/v2\/pages\/2803","targetHints":{"allow":["GET"]}}],"collection":[{"href":"https:\/\/interjobs.at\/en\/wp-json\/wp\/v2\/pages"}],"about":[{"href":"https:\/\/interjobs.at\/en\/wp-json\/wp\/v2\/types\/page"}],"author":[{"embeddable":true,"href":"https:\/\/interjobs.at\/en\/wp-json\/wp\/v2\/users\/6"}],"replies":[{"embeddable":true,"href":"https:\/\/interjobs.at\/en\/wp-json\/wp\/v2\/comments?post=2803"}],"version-history":[{"count":8,"href":"https:\/\/interjobs.at\/en\/wp-json\/wp\/v2\/pages\/2803\/revisions"}],"predecessor-version":[{"id":3361,"href":"https:\/\/interjobs.at\/en\/wp-json\/wp\/v2\/pages\/2803\/revisions\/3361"}],"wp:attachment":[{"href":"https:\/\/interjobs.at\/en\/wp-json\/wp\/v2\/media?parent=2803"}],"curies":[{"name":"wp","href":"https:\/\/api.w.org\/{rel}","templated":true}]}}